{"id":1759,"date":"2020-11-15T17:46:28","date_gmt":"2020-11-15T16:46:28","guid":{"rendered":"https:\/\/elialemoni.com\/?page_id=1759"},"modified":"2020-12-06T10:41:31","modified_gmt":"2020-12-06T09:41:31","slug":"uber-uns","status":"publish","type":"page","link":"https:\/\/elialemoni.com\/el\/uber-uns\/","title":{"rendered":"\u00dcber uns"},"content":{"rendered":"\t\t<div data-elementor-type=\"wp-page\" data-elementor-id=\"1759\" class=\"elementor elementor-1759\">\n\t\t\t\t\t\t<section class=\"elementor-section elementor-top-section elementor-element elementor-element-8d6d04b elementor-section-height-min-height elementor-section-items-stretch elementor-section-boxed elementor-section-height-default\" data-id=\"8d6d04b\" data-element_type=\"section\" data-e-type=\"section\">\n\t\t\t\t\t\t<div class=\"elementor-container elementor-column-gap-default\">\n\t\t\t\t\t<div class=\"elementor-column elementor-col-100 elementor-top-column elementor-element elementor-element-13b00ae\" data-id=\"13b00ae\" data-element_type=\"column\" data-e-type=\"column\">\n\t\t\t<div class=\"elementor-widget-wrap elementor-element-populated\">\n\t\t\t\t\t\t<div class=\"elementor-element elementor-element-f56452d elementor-widget elementor-widget-text-editor\" data-id=\"f56452d\" data-element_type=\"widget\" data-e-type=\"widget\" data-widget_type=\"text-editor.default\">\n\t\t\t\t<div class=\"elementor-widget-container\">\n\t\t\t\t\t\t\t\t\t<h5 style=\"text-align: left;\">\u00a0<\/h5><h3 style=\"text-align: left;\">\u00dcber uns<\/h3>\t\t\t\t\t\t\t\t<\/div>\n\t\t\t\t<\/div>\n\t\t\t\t\t<\/div>\n\t\t<\/div>\n\t\t\t\t\t<\/div>\n\t\t<\/section>\n\t\t\t\t<section class=\"elementor-section elementor-top-section elementor-element elementor-element-3f96c9e elementor-section-boxed elementor-section-height-default elementor-section-height-default\" data-id=\"3f96c9e\" data-element_type=\"section\" data-e-type=\"section\">\n\t\t\t\t\t\t<div class=\"elementor-container elementor-column-gap-default\">\n\t\t\t\t\t<div class=\"elementor-column elementor-col-100 elementor-top-column elementor-element elementor-element-013ec51\" data-id=\"013ec51\" data-element_type=\"column\" data-e-type=\"column\">\n\t\t\t<div class=\"elementor-widget-wrap\">\n\t\t\t\t\t\t\t<\/div>\n\t\t<\/div>\n\t\t\t\t\t<\/div>\n\t\t<\/section>\n\t\t\t\t<section class=\"elementor-section elementor-top-section elementor-element elementor-element-c772b1c elementor-section-boxed elementor-section-height-default elementor-section-height-default\" data-id=\"c772b1c\" data-element_type=\"section\" data-e-type=\"section\">\n\t\t\t\t\t\t<div class=\"elementor-container elementor-column-gap-default\">\n\t\t\t\t\t<div class=\"elementor-column elementor-col-100 elementor-top-column elementor-element elementor-element-fcde7d6\" data-id=\"fcde7d6\" data-element_type=\"column\" data-e-type=\"column\">\n\t\t\t<div class=\"elementor-widget-wrap elementor-element-populated\">\n\t\t\t\t\t\t<div class=\"elementor-element elementor-element-717a609 elementor-widget elementor-widget-image\" data-id=\"717a609\" data-element_type=\"widget\" data-e-type=\"widget\" data-widget_type=\"image.default\">\n\t\t\t\t<div class=\"elementor-widget-container\">\n\t\t\t\t\t\t\t\t\t\t\t\t\t\t\t<img fetchpriority=\"high\" decoding=\"async\" width=\"1536\" height=\"864\" src=\"https:\/\/elialemoni.com\/wp-content\/uploads\/2020\/11\/DSC_9294-1536x864.jpg\" class=\"attachment-1536x1536 size-1536x1536 wp-image-1766\" alt=\"\" srcset=\"https:\/\/elialemoni.com\/wp-content\/uploads\/2020\/11\/DSC_9294-1536x864.jpg 1536w, https:\/\/elialemoni.com\/wp-content\/uploads\/2020\/11\/DSC_9294-300x169.jpg 300w, https:\/\/elialemoni.com\/wp-content\/uploads\/2020\/11\/DSC_9294-1024x576.jpg 1024w, https:\/\/elialemoni.com\/wp-content\/uploads\/2020\/11\/DSC_9294-768x432.jpg 768w, https:\/\/elialemoni.com\/wp-content\/uploads\/2020\/11\/DSC_9294-600x338.jpg 600w, https:\/\/elialemoni.com\/wp-content\/uploads\/2020\/11\/DSC_9294.jpg 1800w\" sizes=\"(max-width: 1536px) 100vw, 1536px\" \/>\t\t\t\t\t\t\t\t\t\t\t\t\t\t\t<\/div>\n\t\t\t\t<\/div>\n\t\t\t\t\t<\/div>\n\t\t<\/div>\n\t\t\t\t\t<\/div>\n\t\t<\/section>\n\t\t\t\t<section class=\"elementor-section elementor-top-section elementor-element elementor-element-3b1109b elementor-section-boxed elementor-section-height-default elementor-section-height-default\" data-id=\"3b1109b\" data-element_type=\"section\" data-e-type=\"section\">\n\t\t\t\t\t\t<div class=\"elementor-container elementor-column-gap-default\">\n\t\t\t\t\t<div class=\"elementor-column elementor-col-100 elementor-top-column elementor-element elementor-element-ebf67f8\" data-id=\"ebf67f8\" data-element_type=\"column\" data-e-type=\"column\">\n\t\t\t<div class=\"elementor-widget-wrap elementor-element-populated\">\n\t\t\t\t\t\t<div class=\"elementor-element elementor-element-4ff5693 elementor-widget elementor-widget-text-editor\" data-id=\"4ff5693\" data-element_type=\"widget\" data-e-type=\"widget\" data-widget_type=\"text-editor.default\">\n\t\t\t\t<div class=\"elementor-widget-container\">\n\t\t\t\t\t\t\t\t\t<p>Die Elia Lemoni ist ein Familienbetrieb, welcher am 1. August 2019 im Sihlcity Markt er\u00f6ffnet wurde. Bei uns f\u00fchlen Sie sich wie im Urlaub in Griechenland. Suvlaki, Sutzukaki, Musaka, Baklava und noch vieles mehr, servieren wir mit Liebe und Sorgfalt. Gute Qualit\u00e4t, faire Preise und zufriedene Kunden stehen bei uns an erster Stelle.<\/p>\t\t\t\t\t\t\t\t<\/div>\n\t\t\t\t<\/div>\n\t\t\t\t\t<\/div>\n\t\t<\/div>\n\t\t\t\t\t<\/div>\n\t\t<\/section>\n\t\t\t\t<\/div>\n\t\t","protected":false},"excerpt":{"rendered":"<p>\u00a0 \u00dcber uns Die Elia Lemoni ist ein Familienbetrieb, welcher am 1. August 2019 im Sihlcity Markt er\u00f6ffnet wurde. Bei uns f\u00fchlen Sie sich wie im Urlaub in Griechenland. Suvlaki, Sutzukaki, Musaka, Baklava und noch vieles mehr, servieren wir mit Liebe und Sorgfalt. Gute Qualit\u00e4t, faire Preise und zufriedene Kunden stehen bei uns an erster [&hellip;]<\/p>\n","protected":false},"author":1,"featured_media":0,"parent":0,"menu_order":0,"comment_status":"closed","ping_status":"closed","template":"","meta":{"site-sidebar-layout":"no-sidebar","site-content-layout":"page-builder","ast-site-content-layout":"default","site-content-style":"default","site-sidebar-style":"default","ast-global-header-display":"","ast-banner-title-visibility":"","ast-main-header-display":"","ast-hfb-above-header-display":"","ast-hfb-below-header-display":"","ast-hfb-mobile-header-display":"","site-post-title":"disabled","ast-breadcrumbs-content":"","ast-featured-img":"disabled","footer-sml-layout":"","ast-disable-related-posts":"","theme-transparent-header-meta":"default","adv-header-id-meta":"","stick-header-meta":"","header-above-stick-meta":"","header-main-stick-meta":"","header-below-stick-meta":"","astra-migrate-meta-layouts":"default","ast-page-background-enabled":"default","ast-page-background-meta":{"desktop":{"background-color":"","background-image":"","background-repeat":"repeat","background-position":"center center","background-size":"auto","background-attachment":"scroll","background-type":"","background-media":"","overlay-type":"","overlay-color":"","overlay-opacity":"","overlay-gradient":""},"tablet":{"background-color":"","background-image":"","background-repeat":"repeat","background-position":"center center","background-size":"auto","background-attachment":"scroll","background-type":"","background-media":"","overlay-type":"","overlay-color":"","overlay-opacity":"","overlay-gradient":""},"mobile":{"background-color":"","background-image":"","background-repeat":"repeat","background-position":"center center","background-size":"auto","background-attachment":"scroll","background-type":"","background-media":"","overlay-type":"","overlay-color":"","overlay-opacity":"","overlay-gradient":""}},"ast-content-background-meta":{"desktop":{"background-color":"var(--ast-global-color-5)","background-image":"","background-repeat":"repeat","background-position":"center center","background-size":"auto","background-attachment":"scroll","background-type":"","background-media":"","overlay-type":"","overlay-color":"","overlay-opacity":"","overlay-gradient":""},"tablet":{"background-color":"var(--ast-global-color-5)","background-image":"","background-repeat":"repeat","background-position":"center center","background-size":"auto","background-attachment":"scroll","background-type":"","background-media":"","overlay-type":"","overlay-color":"","overlay-opacity":"","overlay-gradient":""},"mobile":{"background-color":"var(--ast-global-color-5)","background-image":"","background-repeat":"repeat","background-position":"center center","background-size":"auto","background-attachment":"scroll","background-type":"","background-media":"","overlay-type":"","overlay-color":"","overlay-opacity":"","overlay-gradient":""}},"footnotes":""},"class_list":["post-1759","page","type-page","status-publish","hentry"],"_links":{"self":[{"href":"https:\/\/elialemoni.com\/el\/wp-json\/wp\/v2\/pages\/1759","targetHints":{"allow":["GET"]}}],"collection":[{"href":"https:\/\/elialemoni.com\/el\/wp-json\/wp\/v2\/pages"}],"about":[{"href":"https:\/\/elialemoni.com\/el\/wp-json\/wp\/v2\/types\/page"}],"author":[{"embeddable":true,"href":"https:\/\/elialemoni.com\/el\/wp-json\/wp\/v2\/users\/1"}],"replies":[{"embeddable":true,"href":"https:\/\/elialemoni.com\/el\/wp-json\/wp\/v2\/comments?post=1759"}],"version-history":[{"count":35,"href":"https:\/\/elialemoni.com\/el\/wp-json\/wp\/v2\/pages\/1759\/revisions"}],"predecessor-version":[{"id":2812,"href":"https:\/\/elialemoni.com\/el\/wp-json\/wp\/v2\/pages\/1759\/revisions\/2812"}],"wp:attachment":[{"href":"https:\/\/elialemoni.com\/el\/wp-json\/wp\/v2\/media?parent=1759"}],"curies":[{"name":"wp","href":"https:\/\/api.w.org\/{rel}","templated":true}]}}