{"id":2257,"date":"2020-11-28T18:01:22","date_gmt":"2020-11-28T17:01:22","guid":{"rendered":"https:\/\/elialemoni.com\/product\/\/"},"modified":"2025-06-11T11:16:08","modified_gmt":"2025-06-11T10:16:08","slug":"kourabiedes-mit-mandeln-pro-kg","status":"publish","type":"product","link":"https:\/\/elialemoni.com\/el\/product\/kourabiedes-mit-mandeln-pro-kg\/","title":{"rendered":"\u039a\u03bf\u03c5\u03c1\u03b1\u03bc\u03c0\u03af\u03b5\u03b4\u03b5\u03c2 \u03bc\u03b5 \u0391\u03bc\u03cd\u03b3\u03b4\u03b1\u03bb\u03b1 \u03b1\u03bd\u03ac 100g (\u03a0\u03b5\u03c1. 35-40 \u03c4\u03b5\u03bc \u03c4\u03bf \u03ba\u03b9\u03bb\u03cc)"},"content":{"rendered":"<p>Die Kourabiedes sind ein traditionelles, griechisches Weihnachtsgeb\u00e4ck, bestehend aus einem M\u00fcrbeteig mit Mandeln und Vanille. Nach dem Backen werden sie mit Puderzucker \u00fcberzogen. Diese Pl\u00e4tzchen schmecken am besten zusammen mit einem Heissgetr\u00e4nk und sind eine leckere Alternative zu Vanillekipferl.<\/p>\n<p>&nbsp;<\/p>\n","protected":false},"excerpt":{"rendered":"<p>Traditionel griechisches Produkt <span style=\"color: #ff0000;\">* (Bestellen pro 100gr)<\/span><\/p>\n","protected":false},"featured_media":2259,"comment_status":"open","ping_status":"closed","template":"","meta":{"site-sidebar-layout":"default","site-content-layout":"default","ast-site-content-layout":"default","site-content-style":"default","site-sidebar-style":"default","ast-global-header-display":"","ast-banner-title-visibility":"","ast-main-header-display":"","ast-hfb-above-header-display":"","ast-hfb-below-header-display":"","ast-hfb-mobile-header-display":"","site-post-title":"","ast-breadcrumbs-content":"","ast-featured-img":"","footer-sml-layout":"","ast-disable-related-posts":"","theme-transparent-header-meta":"default","adv-header-id-meta":"","stick-header-meta":"","header-above-stick-meta":"","header-main-stick-meta":"","header-below-stick-meta":"","astra-migrate-meta-layouts":"set","ast-page-background-enabled":"default","ast-page-background-meta":{"desktop":{"background-color":"","background-image":"","background-repeat":"repeat","background-position":"center center","background-size":"auto","background-attachment":"scroll","background-type":"","background-media":"","overlay-type":"","overlay-color":"","overlay-opacity":"","overlay-gradient":""},"tablet":{"background-color":"","background-image":"","background-repeat":"repeat","background-position":"center center","background-size":"auto","background-attachment":"scroll","background-type":"","background-media":"","overlay-type":"","overlay-color":"","overlay-opacity":"","overlay-gradient":""},"mobile":{"background-color":"","background-image":"","background-repeat":"repeat","background-position":"center center","background-size":"auto","background-attachment":"scroll","background-type":"","background-media":"","overlay-type":"","overlay-color":"","overlay-opacity":"","overlay-gradient":""}},"ast-content-background-meta":{"desktop":{"background-color":"var(--ast-global-color-5)","background-image":"","background-repeat":"repeat","background-position":"center center","background-size":"auto","background-attachment":"scroll","background-type":"","background-media":"","overlay-type":"","overlay-color":"","overlay-opacity":"","overlay-gradient":""},"tablet":{"background-color":"var(--ast-global-color-5)","background-image":"","background-repeat":"repeat","background-position":"center center","background-size":"auto","background-attachment":"scroll","background-type":"","background-media":"","overlay-type":"","overlay-color":"","overlay-opacity":"","overlay-gradient":""},"mobile":{"background-color":"var(--ast-global-color-5)","background-image":"","background-repeat":"repeat","background-position":"center center","background-size":"auto","background-attachment":"scroll","background-type":"","background-media":"","overlay-type":"","overlay-color":"","overlay-opacity":"","overlay-gradient":""}}},"product_brand":[],"product_cat":[28],"product_tag":[],"class_list":{"0":"post-2257","1":"product","2":"type-product","3":"status-publish","4":"has-post-thumbnail","6":"product_cat-saison-produkte","7":"desktop-align-left","8":"tablet-align-left","9":"mobile-align-left","11":"first","12":"instock","13":"shipping-taxable","14":"purchasable","15":"product-type-simple"},"_links":{"self":[{"href":"https:\/\/elialemoni.com\/el\/wp-json\/wp\/v2\/product\/2257","targetHints":{"allow":["GET"]}}],"collection":[{"href":"https:\/\/elialemoni.com\/el\/wp-json\/wp\/v2\/product"}],"about":[{"href":"https:\/\/elialemoni.com\/el\/wp-json\/wp\/v2\/types\/product"}],"replies":[{"embeddable":true,"href":"https:\/\/elialemoni.com\/el\/wp-json\/wp\/v2\/comments?post=2257"}],"wp:featuredmedia":[{"embeddable":true,"href":"https:\/\/elialemoni.com\/el\/wp-json\/wp\/v2\/media\/2259"}],"wp:attachment":[{"href":"https:\/\/elialemoni.com\/el\/wp-json\/wp\/v2\/media?parent=2257"}],"wp:term":[{"taxonomy":"product_brand","embeddable":true,"href":"https:\/\/elialemoni.com\/el\/wp-json\/wp\/v2\/product_brand?post=2257"},{"taxonomy":"product_cat","embeddable":true,"href":"https:\/\/elialemoni.com\/el\/wp-json\/wp\/v2\/product_cat?post=2257"},{"taxonomy":"product_tag","embeddable":true,"href":"https:\/\/elialemoni.com\/el\/wp-json\/wp\/v2\/product_tag?post=2257"}],"curies":[{"name":"wp","href":"https:\/\/api.w.org\/{rel}","templated":true}]}}